{"id":954,"date":"2018-09-11T09:50:05","date_gmt":"2018-09-11T13:50:05","guid":{"rendered":"https:\/\/rdcanada.wpengine.com\/sam\/?page_id=954"},"modified":"2018-09-20T15:55:30","modified_gmt":"2018-09-20T19:55:30","slug":"speakers","status":"publish","type":"page","link":"https:\/\/rdcanada.ca\/sam\/speakers\/","title":{"rendered":"Speakers"},"content":{"rendered":"[vc_row type=&#8221;in_container&#8221; full_screen_row_position=&#8221;middle&#8221; scene_position=&#8221;center&#8221; text_color=&#8221;dark&#8221; text_align=&#8221;left&#8221; overlay_strength=&#8221;0.3&#8243; shape_divider_position=&#8221;bottom&#8221;][vc_column centered_text=&#8221;true&#8221; column_padding=&#8221;no-extra-padding&#8221; column_padding_position=&#8221;all&#8221; background_color_opacity=&#8221;1&#8243; background_hover_color_opacity=&#8221;1&#8243; column_shadow=&#8221;none&#8221; column_border_radius=&#8221;none&#8221; width=&#8221;1\/1&#8243; tablet_text_alignment=&#8221;default&#8221; phone_text_alignment=&#8221;default&#8221; column_border_width=&#8221;none&#8221; column_border_style=&#8221;solid&#8221;][vc_text_separator title=&#8221;FEATURING EMINENT GOVERNMENT &amp; INDUSTRY SPEAKERS&#8221;][vc_column_text]Please click on the speakers to view their bios[\/vc_column_text][\/vc_column][\/vc_row][vc_row type=&#8221;in_container&#8221; full_screen_row_position=&#8221;middle&#8221; scene_position=&#8221;center&#8221; text_color=&#8221;dark&#8221; text_align=&#8221;left&#8221; overlay_strength=&#8221;0.3&#8243; shape_divider_position=&#8221;bottom&#8221;][vc_column column_padding=&#8221;no-extra-padding&#8221; column_padding_position=&#8221;all&#8221; background_color_opacity=&#8221;1&#8243; background_hover_color_opacity=&#8221;1&#8243; column_shadow=&#8221;none&#8221; column_border_radius=&#8221;none&#8221; width=&#8221;1\/4&#8243; tablet_text_alignment=&#8221;default&#8221; phone_text_alignment=&#8221;default&#8221; column_border_width=&#8221;none&#8221; column_border_style=&#8221;solid&#8221;][team_member image_url=&#8221;1001&#8243; bio_image_url=&#8221;1004&#8243; team_memeber_style=&#8221;bio_fullscreen&#8221; name=&#8221;Dr. Nick Bontis&#8221; job_position=&#8221;AM Keynote&#8221; team_member_bio=&#8221;Dr. Nick Bontis is an internationally sought-after keynote speaker and management consultant, hand-picked by the United Nations, the US Navy, Microsoft, IBM, Accenture, KPMG, Century 21, Health Canada and others to help navigate the new world of digital technology, industry disruption and information bombardment. He has presented at some of the most prestigious conference events globally in various industries both in the private and public sectors. As a dynamic keynote speaker, he is infamous for his academic rigour, real-life application, and humorous delivery.<\/p>\n<p>Professor Bontis is a popular TV and radio personality, a leading academic researcher and an award-winning, tenured professor of strategic management at McMaster University in Canada. As one of the world\u2019s most cited authors in the field of management, he has amassed over a dozen prestigious teaching and research awards. Maclean\u2019s Magazine has identified him as one of McMaster University\u2019s most popular business professors for six years in a row! He was recently recognized as a 3M national teaching fellow, commonly referred to as the \u201cNobel Prize\u201d of teaching.&#8221;][\/vc_column][vc_column column_padding=&#8221;no-extra-padding&#8221; column_padding_position=&#8221;all&#8221; background_color_opacity=&#8221;1&#8243; background_hover_color_opacity=&#8221;1&#8243; column_shadow=&#8221;none&#8221; column_border_radius=&#8221;none&#8221; el_class=&#8221;team2&#8243; width=&#8221;1\/4&#8243; tablet_text_alignment=&#8221;default&#8221; phone_text_alignment=&#8221;default&#8221; column_border_width=&#8221;none&#8221; column_border_style=&#8221;solid&#8221;][team_member image_url=&#8221;1042&#8243; bio_image_url=&#8221;1042&#8243; team_memeber_style=&#8221;bio_fullscreen&#8221; name=&#8221;Bob Presner&#8221; job_position=&#8221;Workshop &#8211; Beyond the Box&#8221; team_member_bio=&#8221;Bob comes from the creative world of film and television. As former president of Film Finances Canada and vice-president of Motion Picture Guarantors, he was involved in more than 500 projects: feature films, MOWs, TV series, and documentaries including films directed by Tony Scott, David Cronenberg, Deepa Mehta, Robert Lepage and Atom Egoyan. A frequent guest lecturer at the Canadian Film Centre, Ryerson University, Sheridan College and George Brown College, Bob taught a Masters Course at the University of Miami and is a founding member of the Quebec Chapter of the Directors Guild of Canada. In a previous lifetime, Bob was a folksinger entertaining in Montreal\u2019s finest coffee houses.&#8221;][\/vc_column][vc_column column_padding=&#8221;no-extra-padding&#8221; column_padding_position=&#8221;all&#8221; background_color_opacity=&#8221;1&#8243; background_hover_color_opacity=&#8221;1&#8243; column_shadow=&#8221;none&#8221; column_border_radius=&#8221;none&#8221; width=&#8221;1\/4&#8243; tablet_text_alignment=&#8221;default&#8221; phone_text_alignment=&#8221;default&#8221; column_border_width=&#8221;none&#8221; column_border_style=&#8221;solid&#8221;][team_member image_url=&#8221;1045&#8243; bio_image_url=&#8221;1045&#8243; team_memeber_style=&#8221;bio_fullscreen&#8221; name=&#8221;Lola Rasminsky&#8221; job_position=&#8221;Workshop &#8211; Beyond the Box&#8221; team_member_bio=&#8221;Lola started Beyond the Box\u2122 in 1998 as a natural extension of the Avenue Road Arts School, which she founded in 1993. As a contributor to the Globe and Mail, she writes mainly about the creative process in organizational settings. Lola founded Arts for Children and Youth (now VIBE Arts), and the Arts Access Fund, both of which support deserving young people from underserved communities in their pursuit of arts training. Lola has been a presenter at ideacity, Toronto\u2019s 3-day creative thinking symposium. In 2006, she was named RBC Canadian Woman Entrepreneur of the Year. The following year she became a Member of the Order of Canada. Lola now sits on the Board of the Toronto Foundation.&#8221;][\/vc_column][vc_column column_padding=&#8221;no-extra-padding&#8221; column_padding_position=&#8221;all&#8221; background_color_opacity=&#8221;1&#8243; background_hover_color_opacity=&#8221;1&#8243; column_shadow=&#8221;none&#8221; column_border_radius=&#8221;none&#8221; width=&#8221;1\/4&#8243; tablet_text_alignment=&#8221;default&#8221; phone_text_alignment=&#8221;default&#8221; column_border_width=&#8221;none&#8221; column_border_style=&#8221;solid&#8221;][team_member image_url=&#8221;958&#8243; bio_image_url=&#8221;958&#8243; team_memeber_style=&#8221;bio_fullscreen&#8221; name=&#8221;Allison Araneta&#8221; job_position=&#8221;Public Safety Canada&#8221; team_member_bio=&#8221;Policy Advisor | Conseill\u00e8re en politiques<br \/>\nCyber Situational Awareness and Liaison |\u00c9quipe de connaissance situationalle cybern\u00e9tique et de liaison<br \/>\nCanadian Cyber Incident Response Centre | Centre canadien de r\u00e9ponse aux incidents cybern\u00e9tiques<br \/>\nNational Cyber Security Directorate | Direction g\u00e9n\u00e9rale de la cybers\u00e9curit\u00e9 nationale<br \/>\nPublic Safety Canada | S\u00e9curit\u00e9 publique Canada&#8221;][\/vc_column][\/vc_row][vc_row type=&#8221;in_container&#8221; full_screen_row_position=&#8221;middle&#8221; scene_position=&#8221;center&#8221; text_color=&#8221;dark&#8221; text_align=&#8221;left&#8221; overlay_strength=&#8221;0.3&#8243; shape_divider_position=&#8221;bottom&#8221;][vc_column column_padding=&#8221;no-extra-padding&#8221; column_padding_position=&#8221;all&#8221; background_color_opacity=&#8221;1&#8243; background_hover_color_opacity=&#8221;1&#8243; column_shadow=&#8221;none&#8221; column_border_radius=&#8221;none&#8221; width=&#8221;1\/4&#8243; tablet_text_alignment=&#8221;default&#8221; phone_text_alignment=&#8221;default&#8221; column_border_width=&#8221;none&#8221; column_border_style=&#8221;solid&#8221;][team_member image_url=&#8221;959&#8243; bio_image_url=&#8221;959&#8243; team_memeber_style=&#8221;bio_fullscreen&#8221; name=&#8221;Con. Pat Martin&#8221; job_position=&#8221;Halton Regional Police&#8221; team_member_bio=&#8221;Constable Pat Martin<br \/>\nCommercial Vehicle Inspector<br \/>\nCommercial Vehicle Safety Unit&#8221;][\/vc_column][vc_column column_padding=&#8221;no-extra-padding&#8221; column_padding_position=&#8221;all&#8221; background_color_opacity=&#8221;1&#8243; background_hover_color_opacity=&#8221;1&#8243; column_shadow=&#8221;none&#8221; column_border_radius=&#8221;none&#8221; width=&#8221;1\/4&#8243; tablet_text_alignment=&#8221;default&#8221; phone_text_alignment=&#8221;default&#8221; column_border_width=&#8221;none&#8221; column_border_style=&#8221;solid&#8221;][team_member image_url=&#8221;1031&#8243; bio_image_url=&#8221;1031&#8243; team_memeber_style=&#8221;bio_fullscreen&#8221; name=&#8221;Sgt. Mike Hinsperger&#8221; job_position=&#8221;Waterloo Regional Police&#8221; team_member_bio=&#8221;Staff Sergeant Mike Hinsperger<br \/>\nWaterloo Regional Police Service<br \/>\nField Support Branch<br \/>\nTraffic Services Unit&#8221;][\/vc_column][vc_column column_padding=&#8221;no-extra-padding&#8221; column_padding_position=&#8221;all&#8221; background_color_opacity=&#8221;1&#8243; background_hover_color_opacity=&#8221;1&#8243; column_shadow=&#8221;none&#8221; column_border_radius=&#8221;none&#8221; width=&#8221;1\/4&#8243; tablet_text_alignment=&#8221;default&#8221; phone_text_alignment=&#8221;default&#8221; column_border_width=&#8221;none&#8221; column_border_style=&#8221;solid&#8221;][team_member image_url=&#8221;1009&#8243; bio_image_url=&#8221;1009&#8243; team_memeber_style=&#8221;bio_fullscreen&#8221; name=&#8221;PC Gregory Boltyansky&#8221; job_position=&#8221;Toronto Police&#8221; team_member_bio=&#8221;13 Years experience with the Toronto Police Service.<\/p>\n<p>2 Years experience with Peel Regional Police.<\/p>\n<p>Served with the RCMP on 2 separate international police peacekeeping missions overseas (Afghanistan 2012-2013, Ukraine 2016-2017).<\/p>\n<p>Currently attached to the Emergency Management\/Public Order &#8211; Public Safety Unit (Critical Infrastructure Protection Section).&#8221;][\/vc_column][vc_column column_padding=&#8221;no-extra-padding&#8221; column_padding_position=&#8221;all&#8221; background_color_opacity=&#8221;1&#8243; background_hover_color_opacity=&#8221;1&#8243; column_shadow=&#8221;none&#8221; column_border_radius=&#8221;none&#8221; width=&#8221;1\/4&#8243; tablet_text_alignment=&#8221;default&#8221; phone_text_alignment=&#8221;default&#8221; column_border_width=&#8221;none&#8221; column_border_style=&#8221;solid&#8221;][team_member image_url=&#8221;1015&#8243; bio_image_url=&#8221;1015&#8243; team_memeber_style=&#8221;bio_fullscreen&#8221; name=&#8221;John Harrison&#8221; job_position=&#8221;CPC Logistics Canada&#8221; team_member_bio=&#8221;Director, Transportation Operations<br \/>\nCPC Logistics Canada&#8221;][\/vc_column][\/vc_row][vc_row type=&#8221;in_container&#8221; full_screen_row_position=&#8221;middle&#8221; scene_position=&#8221;center&#8221; text_color=&#8221;dark&#8221; text_align=&#8221;left&#8221; overlay_strength=&#8221;0.3&#8243; shape_divider_position=&#8221;bottom&#8221;][vc_column column_padding=&#8221;no-extra-padding&#8221; column_padding_position=&#8221;all&#8221; background_color_opacity=&#8221;1&#8243; background_hover_color_opacity=&#8221;1&#8243; column_shadow=&#8221;none&#8221; column_border_radius=&#8221;none&#8221; width=&#8221;1\/4&#8243; tablet_text_alignment=&#8221;default&#8221; phone_text_alignment=&#8221;default&#8221; column_border_width=&#8221;none&#8221; column_border_style=&#8221;solid&#8221;][team_member image_url=&#8221;1023&#8243; bio_image_url=&#8221;1017&#8243; team_memeber_style=&#8221;bio_fullscreen&#8221; name=&#8221;Zoran Grabovac&#8221; job_position=&#8221;Ministry of Economic Development, Job Creation and Trade&#8221; team_member_bio=&#8221;Senior Account Executive<br \/>\nOntario Investment Office<br \/>\nMinistry of Economic Development, Job Creation and Trade&#8221;][\/vc_column][vc_column column_padding=&#8221;no-extra-padding&#8221; column_padding_position=&#8221;all&#8221; background_color_opacity=&#8221;1&#8243; background_hover_color_opacity=&#8221;1&#8243; column_shadow=&#8221;none&#8221; column_border_radius=&#8221;none&#8221; width=&#8221;1\/4&#8243; tablet_text_alignment=&#8221;default&#8221; phone_text_alignment=&#8221;default&#8221; column_border_width=&#8221;none&#8221; column_border_style=&#8221;solid&#8221;][team_member image_url=&#8221;1005&#8243; bio_image_url=&#8221;1006&#8243; team_memeber_style=&#8221;bio_fullscreen&#8221; name=&#8221;Stephen Crawford&#8221; job_position=&#8221;Oakville MPP &#8211; Dinner Speaker&#8221; team_member_bio=&#8221;Stephen Crawford is a Canadian politician, who was elected to the Legislative Assembly of Ontario in the 2018 provincial election. He represents the riding of Oakville as a member of the Progressive Conservative Party of Ontario. He defeated incumbent Kevin Flynn, who had served as the Oakville MPP since 2003, and was most recently Ontario&#8217;s Minister of Labour. Crawford is also the great grand nephew of famous Irish born Canadian writer, Isabella Valancy Crawford. After completing his education, Crawford worked as a financial advisor at Midland Walwyn. He went on to become a senior executive and senior equity partner at Acuity Funds Ltd. The company became one of the fastest growing asset management firms in Canada, growing to almost $10 billion in managed assets. The company was acquired by AGF Management Ltd. in 2011. After Acuity, Crawford became a senior executive and helped transition and build O&#8217;Leary Funds LP before it was purchased by Canoe Financial in 2016.<\/p>\n<p>Crawford ran for the Progressive Conservative Party of Ontario nomination in the summer of 2017, defeating his opponents in the second round of voting. In the 2018 Ontario General Election, Crawford ran against Liberal candidate, and long time incumbent, Kevin Flynn. Also running in the election was, NDP candidate Lesley Sprague, Green Party candidate Emily De Sousa, and Libertarian Party candidate Spencer Oklobdzija. Crawford beat Kevin Flynn in the election by 4510 votes, ending his 15 year tenure as Oakville&#8217;s MPP. On August 9th 2018, Crawford was named the Chair of the Finance and Economic Affairs Committee.&#8221;][\/vc_column][vc_column column_padding=&#8221;no-extra-padding&#8221; column_padding_position=&#8221;all&#8221; background_color_opacity=&#8221;1&#8243; background_hover_color_opacity=&#8221;1&#8243; column_shadow=&#8221;none&#8221; column_border_radius=&#8221;none&#8221; width=&#8221;1\/4&#8243; tablet_text_alignment=&#8221;default&#8221; phone_text_alignment=&#8221;default&#8221; column_border_width=&#8221;none&#8221; column_border_style=&#8221;solid&#8221;][\/vc_column][vc_column column_padding=&#8221;no-extra-padding&#8221; column_padding_position=&#8221;all&#8221; background_color_opacity=&#8221;1&#8243; background_hover_color_opacity=&#8221;1&#8243; column_shadow=&#8221;none&#8221; column_border_radius=&#8221;none&#8221; width=&#8221;1\/4&#8243; tablet_text_alignment=&#8221;default&#8221; phone_text_alignment=&#8221;default&#8221; column_border_width=&#8221;none&#8221; column_border_style=&#8221;solid&#8221;][\/vc_column][\/vc_row]\n","protected":false},"excerpt":{"rendered":"<p>[vc_row type=&#8221;in_container&#8221; full_screen_row_position=&#8221;middle&#8221; scene_position=&#8221;center&#8221; text_color=&#8221;dark&#8221; text_align=&#8221;left&#8221; overlay_strength=&#8221;0.3&#8243; shape_divider_position=&#8221;bottom&#8221;][vc_column centered_text=&#8221;true&#8221; column_padding=&#8221;no-extra-padding&#8221; column_padding_position=&#8221;all&#8221; background_color_opacity=&#8221;1&#8243; background_hover_color_opacity=&#8221;1&#8243; column_shadow=&#8221;none&#8221; column_border_radius=&#8221;none&#8221; width=&#8221;1\/1&#8243; tablet_text_alignment=&#8221;default&#8221; phone_text_alignment=&#8221;default&#8221; column_border_width=&#8221;none&#8221; column_border_style=&#8221;solid&#8221;][vc_text_separator title=&#8221;FEATURING EMINENT GOVERNMENT &amp; INDUSTRY SPEAKERS&#8221;][vc_column_text]Please click on the speakers&#8230;<\/p>\n","protected":false},"author":1,"featured_media":0,"parent":0,"menu_order":0,"comment_status":"closed","ping_status":"closed","template":"","meta":{"footnotes":""},"class_list":["post-954","page","type-page","status-publish"],"_links":{"self":[{"href":"https:\/\/rdcanada.ca\/sam\/wp-json\/wp\/v2\/pages\/954","targetHints":{"allow":["GET"]}}],"collection":[{"href":"https:\/\/rdcanada.ca\/sam\/wp-json\/wp\/v2\/pages"}],"about":[{"href":"https:\/\/rdcanada.ca\/sam\/wp-json\/wp\/v2\/types\/page"}],"author":[{"embeddable":true,"href":"https:\/\/rdcanada.ca\/sam\/wp-json\/wp\/v2\/users\/1"}],"replies":[{"embeddable":true,"href":"https:\/\/rdcanada.ca\/sam\/wp-json\/wp\/v2\/comments?post=954"}],"version-history":[{"count":0,"href":"https:\/\/rdcanada.ca\/sam\/wp-json\/wp\/v2\/pages\/954\/revisions"}],"wp:attachment":[{"href":"https:\/\/rdcanada.ca\/sam\/wp-json\/wp\/v2\/media?parent=954"}],"curies":[{"name":"wp","href":"https:\/\/api.w.org\/{rel}","templated":true}]}}